{"id":3,"date":"2025-02-17T11:37:06","date_gmt":"2025-02-17T10:37:06","guid":{"rendered":"https:\/\/mecomvision.de\/?page_id=3"},"modified":"2025-08-11T14:01:59","modified_gmt":"2025-08-11T12:01:59","slug":"impressum","status":"publish","type":"page","link":"https:\/\/mecomvision.de\/de\/impressum\/","title":{"rendered":"Impressum"},"content":{"rendered":"<style>.elementor-3 .elementor-element.elementor-element-38798cd9{--display:flex;--margin-top:50px;--margin-bottom:0px;--margin-left:0px;--margin-right:0px;}.elementor-3 .elementor-element.elementor-element-c7fb60d{text-align:start;}.elementor-3 .elementor-element.elementor-element-c7fb60d .elementor-heading-title{font-family:var( --e-global-typography-secondary-font-family ), Sans-serif;font-size:var( --e-global-typography-secondary-font-size );font-weight:var( --e-global-typography-secondary-font-weight );line-height:var( --e-global-typography-secondary-line-height );color:var( --e-global-color-e3f1dd8 );}.elementor-3 .elementor-element.elementor-element-3e7b0945{font-family:var( --e-global-typography-text-font-family ), Sans-serif;font-size:var( --e-global-typography-text-font-size );font-weight:var( --e-global-typography-text-font-weight );line-height:var( --e-global-typography-text-line-height );color:var( --e-global-color-e3f1dd8 );padding:10px 10px 10px 10px;background-color:var( --e-global-color-313f396 );border-radius:0px 0px 0px 0px;}:root{--page-title-display:none;}@media(min-width:768px){.elementor-3 .elementor-element.elementor-element-38798cd9{--content-width:80%;}}@media(max-width:1024px){.elementor-3 .elementor-element.elementor-element-c7fb60d .elementor-heading-title{font-size:var( --e-global-typography-secondary-font-size );line-height:var( --e-global-typography-secondary-line-height );}.elementor-3 .elementor-element.elementor-element-3e7b0945{font-size:var( --e-global-typography-text-font-size );line-height:var( --e-global-typography-text-line-height );}}@media(max-width:767px){.elementor-3 .elementor-element.elementor-element-c7fb60d .elementor-heading-title{font-size:var( --e-global-typography-secondary-font-size );line-height:var( --e-global-typography-secondary-line-height );}.elementor-3 .elementor-element.elementor-element-3e7b0945{font-size:var( --e-global-typography-text-font-size );line-height:var( --e-global-typography-text-line-height );}}<\/style>\t\t<div data-elementor-type=\"wp-page\" data-elementor-id=\"3\" class=\"elementor elementor-3\" data-elementor-post-type=\"page\">\n\t\t\t\t<div data-particle_enable=\"false\" data-particle-mobile-disabled=\"false\" class=\"elementor-element elementor-element-38798cd9 e-flex e-con-boxed qodef-elementor-content-no e-con e-parent\" data-id=\"38798cd9\" data-element_type=\"container\" data-e-type=\"container\">\n\t\t\t\t\t<div class=\"e-con-inner\">\n\t\t\t\t<div class=\"elementor-element elementor-element-c7fb60d elementor-widget elementor-widget-heading\" data-id=\"c7fb60d\" data-element_type=\"widget\" data-e-type=\"widget\" data-widget_type=\"heading.default\">\n\t\t\t\t\t<h1 class=\"elementor-heading-title elementor-size-default\">Impressum<\/h1>\t\t\t\t<\/div>\n\t\t\t\t<div class=\"elementor-element elementor-element-3e7b0945 elementor-widget elementor-widget-text-editor\" data-id=\"3e7b0945\" data-element_type=\"widget\" data-e-type=\"widget\" data-widget_type=\"text-editor.default\">\n\t\t\t\t\t\t\t\t\t<div><p><strong style=\"font-size: 16px;\">Seitenbetreiber i.S.d. \u00a7 5 TMG<\/strong><\/p><\/div><p>mecom vision GmbH &amp; Co. KG<br \/>Am Hirtsrain 2<br \/>D-36043 Fulda<br \/>Tel.: +49 661 \/ 94940<br \/>E-Mail: info@mecomvision.de<br \/>Website: www.mecomvision.de<\/p><p><strong>vertreten durch:<\/strong><br \/>pers\u00f6nlich haftende Gesellschafterin<br \/>Me Risa GmbH<\/p><p><strong>Gesch\u00e4ftsf\u00fchrerin:<\/strong><\/p><p>Isabel Hahner<\/p><p><strong>Umsatzsteuer-ID<\/strong><br \/>DE363177180<\/p><p><b>Handelsregister Fulda<br \/><\/b>HRA 6556<\/p><p><strong>Inhaltlich Verantwortliche gem\u00e4\u00df \u00a7 55 Abs. 2 RStV:<\/strong><br \/>Isabel Hahner (Anschrift wie oben)<\/p><p><strong>Das Impressum gilt au\u00dferdem f\u00fcr unseren Social Mediakan\u00e4le:\u00a0<\/strong><\/p><p><strong>\u00a0<\/strong><\/p><p>https:\/\/www.facebook.com\/mecomvision\/<\/p><p>https:\/\/www.youtube.com\/channel\/UCTw80l_XFgzWpYEWB-I3cLA<\/p><p>https:\/\/vimeo.com\/mecomvision<\/p><p>https:\/\/www.xing.com\/pages\/mecomvisiongmbh<\/p><p>https:\/\/www.linkedin.com\/company\/mecom-film-&-tv-produktion-gmbh\/?originalSubdomain=de<\/p><p>https:\/\/www.instagram.com\/mecomvision<\/p><p><strong>HAFTUNGSAUSSCHLUSS<\/strong><\/p><p>Die Inhalte des Internetauftritts wurden mit gr\u00f6\u00dftm\u00f6glicher Sorgfalt und nach bestem Gewissen erstellt. Dennoch \u00fcbernimmt der Anbieter dieser Webseite keine Gew\u00e4hr f\u00fcr die Aktualit\u00e4t, Vollst\u00e4ndigkeit und Richtigkeit der bereitgestellten Seiten und Inhalte.<\/p><p>Als Diensteanbieter ist der Anbieter dieser Webseite gem\u00e4\u00df \u00a7 7 Abs. 1 TMG f\u00fcr eigene Inhalte und bereitgestellte Informationen auf diesen Seiten nach den allgemeinen Gesetzen verantwortlich; nach den \u00a7\u00a7 8 bis 10 TMG jedoch nicht verpflichtet, die \u00fcbermittelten oder gespeicherten fremden Informationen zu \u00fcberwachen. Eine Entfernung oder Sperrung dieser Inhalte erfolgt umgehend ab dem Zeitpunkt der Kenntnis einer konkreten Rechtsverletzung. Eine Haftung ist erst ab dem Zeitpunkt der Kenntniserlangung m\u00f6glich.<\/p><div><div><p>Copyright: Alle Rechte der Homepage liegen bei der Herausgeberin. Alle in diesem Dokument aufgef\u00fchrten Warenzeichen sind Eigentum der jeweiligen Firma. Haftungshinweis: Trotz sorgf\u00e4ltiger inhaltlicher Kontrolle \u00fcbernehmen wir keine Haftung f\u00fcr die Inhalte externer Links. F\u00fcr den Inhalt der verlinkten Seiten sind ausschlie\u00dflich deren Betreiber verantwortlich.<\/p><\/div><\/div>\t\t\t\t\t\t\t\t<\/div>\n\t\t\t\t\t<\/div>\n\t\t\t\t<\/div>\n\t\t\t\t<\/div>\n\t\t","protected":false},"excerpt":{"rendered":"<p>Impressum Seitenbetreiber i.S.d. \u00a7 5 TMG mecom vision GmbH &amp; Co. KGAm Hirtsrain 2D-36043 FuldaTel.: +49 661 \/ 94940E-Mail: info@mecomvision.deWebsite: www.mecomvision.de vertreten durch:pers\u00f6nlich haftende GesellschafterinMe Risa GmbH Gesch\u00e4ftsf\u00fchrerin: Isabel Hahner Umsatzsteuer-IDDE363177180 Handelsregister FuldaHRA 6556 Inhaltlich Verantwortliche gem\u00e4\u00df \u00a7 55 Abs. 2 RStV:Isabel Hahner (Anschrift wie oben) Das Impressum gilt au\u00dferdem f\u00fcr unseren Social Mediakan\u00e4le:\u00a0 \u00a0 https:\/\/www.facebook.com\/mecomvision\/ https:\/\/www.youtube.com\/channel\/UCTw80l_XFgzWpYEWB-I3cLA https:\/\/vimeo.com\/mecomvision https:\/\/www.xing.com\/pages\/mecomvisiongmbh https:\/\/www.linkedin.com\/company\/mecom-film-&#038;-tv-produktion-gmbh\/?originalSubdomain=de https:\/\/www.instagram.com\/mecomvision HAFTUNGSAUSSCHLUSS Die Inhalte des Internetauftritts wurden mit gr\u00f6\u00dftm\u00f6glicher Sorgfalt und nach bestem Gewissen erstellt. Dennoch \u00fcbernimmt der Anbieter dieser Webseite keine Gew\u00e4hr f\u00fcr die Aktualit\u00e4t, Vollst\u00e4ndigkeit und Richtigkeit der bereitgestellten Seiten und Inhalte. Als Diensteanbieter ist der Anbieter dieser<\/p>\n","protected":false},"author":1,"featured_media":0,"parent":0,"menu_order":0,"comment_status":"closed","ping_status":"closed","template":"elementor_header_footer","meta":{"content-type":"","footnotes":""},"class_list":["post-3","page","type-page","status-publish","hentry"],"jetpack_sharing_enabled":true,"_links":{"self":[{"href":"https:\/\/mecomvision.de\/de\/wp-json\/wp\/v2\/pages\/3","targetHints":{"allow":["GET"]}}],"collection":[{"href":"https:\/\/mecomvision.de\/de\/wp-json\/wp\/v2\/pages"}],"about":[{"href":"https:\/\/mecomvision.de\/de\/wp-json\/wp\/v2\/types\/page"}],"author":[{"embeddable":true,"href":"https:\/\/mecomvision.de\/de\/wp-json\/wp\/v2\/users\/1"}],"replies":[{"embeddable":true,"href":"https:\/\/mecomvision.de\/de\/wp-json\/wp\/v2\/comments?post=3"}],"version-history":[{"count":0,"href":"https:\/\/mecomvision.de\/de\/wp-json\/wp\/v2\/pages\/3\/revisions"}],"wp:attachment":[{"href":"https:\/\/mecomvision.de\/de\/wp-json\/wp\/v2\/media?parent=3"}],"curies":[{"name":"wp","href":"https:\/\/api.w.org\/{rel}","templated":true}]}}